{"id":9,"date":"2023-09-11T09:49:55","date_gmt":"2023-09-11T09:49:55","guid":{"rendered":"https:\/\/www.mozavibe.co.mz\/?page_id=9"},"modified":"2023-11-08T20:43:16","modified_gmt":"2023-11-08T20:43:16","slug":"quem-somos","status":"publish","type":"page","link":"https:\/\/mozavibe.co.mz\/pt_PT\/quem-somos\/","title":{"rendered":"Quem Somos"},"content":{"rendered":"<p><img loading=\"lazy\" decoding=\"async\" class=\"aligncenter wp-image-12 \" src=\"https:\/\/www.mozavibe.co.mz\/wp-content\/uploads\/2023\/09\/MozaVibe-Logo-Round-CMYK-14-700x700.png\" alt=\"MozaVibe Logo\" width=\"300\" height=\"300\" srcset=\"https:\/\/mozavibe.co.mz\/wp-content\/uploads\/2023\/09\/MozaVibe-Logo-Round-CMYK-14-700x700.png 700w, https:\/\/mozavibe.co.mz\/wp-content\/uploads\/2023\/09\/MozaVibe-Logo-Round-CMYK-14-150x150.png 150w, https:\/\/mozavibe.co.mz\/wp-content\/uploads\/2023\/09\/MozaVibe-Logo-Round-CMYK-14-768x768.png 768w, https:\/\/mozavibe.co.mz\/wp-content\/uploads\/2023\/09\/MozaVibe-Logo-Round-CMYK-14-1536x1536.png 1536w, https:\/\/mozavibe.co.mz\/wp-content\/uploads\/2023\/09\/MozaVibe-Logo-Round-CMYK-14-300x300.png 300w, https:\/\/mozavibe.co.mz\/wp-content\/uploads\/2023\/09\/MozaVibe-Logo-Round-CMYK-14.png 1986w\" sizes=\"auto, (max-width: 300px) 100vw, 300px\" \/><\/p>\r\n<p class=\"x_MsoNormal\" style=\"text-align: justify;\"><span style=\"font-size: 12pt;\"><span lang=\"PT\">Mozavibe\u00a0<\/span><span lang=\"PT\">\u00e9<\/span><span lang=\"PT\">\u00a0uma revista mo<\/span><span lang=\"PT\">\u00e7<\/span><span lang=\"PT\">ambicana dedicada \u00e0 difus\u00e3o de conte<\/span><span lang=\"PT\">\u00fa<\/span><span lang=\"PT\">dos que representam a din\u00e2mica da vida dos mo\u00e7ambicanos no pa\u00eds e no mundo, bem como \u00e0s entidades que contribuem para a qualidade de vida, atrav\u00e9s de iniciativas de impacto nas diferentes \u00e1reas, principalmente nos campos da Educa<\/span><span lang=\"PT\">\u00e7\u00e3<\/span><span lang=\"PT\">o, Cultura, Turismo, Desenvolvimento, Sa<\/span><span lang=\"PT\">\u00fa<\/span><span lang=\"PT\">de e bem-estar e Meio Ambiente. Enquanto \u00f3rg\u00e3o de informa\u00e7\u00e3o que surge no contexto das novas tecnologias de informa\u00e7\u00e3o e comunica\u00e7\u00e3o, somos respons\u00e1veis e rigorosos no apuramento das mat\u00e9rias e criativos na forma de apresentar os conte\u00fados.\u00a0\u00a0<\/span><\/span><\/p>\r\n<p class=\"x_MsoNormal\" style=\"text-align: justify;\"><span style=\"font-size: 12pt;\"><span lang=\"PT\">A Mozavibe est\u00e1 dispon\u00edvel na internet, pelo endere\u00e7o\u00a0<\/span><a href=\"http:\/\/www.mozavibe.co.mz\/\" target=\"_blank\" rel=\"noopener noreferrer\" data-auth=\"NotApplicable\" data-linkindex=\"0\"><span lang=\"PT\">www.mozavibe.co.mz<\/span><\/a><span lang=\"PT\">, com actualiza\u00e7\u00f5es regulares, di\u00e1rias, quando justificado e quinzenais, quanto aos conte\u00fados de grande profundidade jornal\u00edstica. Estamos assim, ligados aos acontecimentos actuais e relevantes nacional e internacionalmente.<\/span><\/span><\/p>","protected":false},"excerpt":{"rendered":"<p><img loading=\"lazy\" decoding=\"async\" class=\"aligncenter wp-image-12 \" src=\"https:\/\/www.mozavibe.co.mz\/wp-content\/uploads\/2023\/09\/MozaVibe-Logo-Round-CMYK-14-700x700.png\" alt=\"MozaVibe Logo\" width=\"300\" height=\"300\" srcset=\"https:\/\/mozavibe.co.mz\/wp-content\/uploads\/2023\/09\/MozaVibe-Logo-Round-CMYK-14-700x700.png 700w, https:\/\/mozavibe.co.mz\/wp-content\/uploads\/2023\/09\/MozaVibe-Logo-Round-CMYK-14-150x150.png 150w, https:\/\/mozavibe.co.mz\/wp-content\/uploads\/2023\/09\/MozaVibe-Logo-Round-CMYK-14-768x768.png 768w, https:\/\/mozavibe.co.mz\/wp-content\/uploads\/2023\/09\/MozaVibe-Logo-Round-CMYK-14-1536x1536.png 1536w, https:\/\/mozavibe.co.mz\/wp-content\/uploads\/2023\/09\/MozaVibe-Logo-Round-CMYK-14-300x300.png 300w, https:\/\/mozavibe.co.mz\/wp-content\/uploads\/2023\/09\/MozaVibe-Logo-Round-CMYK-14.png 1986w\" sizes=\"auto, (max-width: 300px) 100vw, 300px\" \/><\/p>\n<p class=\"x_MsoNormal\" style=\"text-align: justify;\"><spa...\n<\/p>\n","protected":false},"author":1,"featured_media":12,"parent":0,"menu_order":0,"comment_status":"closed","ping_status":"closed","template":"","meta":{"footnotes":""},"class_list":["post-9","page","type-page","status-publish","has-post-thumbnail","hentry"],"_links":{"self":[{"href":"https:\/\/mozavibe.co.mz\/pt_PT\/wp-json\/wp\/v2\/pages\/9","targetHints":{"allow":["GET"]}}],"collection":[{"href":"https:\/\/mozavibe.co.mz\/pt_PT\/wp-json\/wp\/v2\/pages"}],"about":[{"href":"https:\/\/mozavibe.co.mz\/pt_PT\/wp-json\/wp\/v2\/types\/page"}],"author":[{"embeddable":true,"href":"https:\/\/mozavibe.co.mz\/pt_PT\/wp-json\/wp\/v2\/users\/1"}],"replies":[{"embeddable":true,"href":"https:\/\/mozavibe.co.mz\/pt_PT\/wp-json\/wp\/v2\/comments?post=9"}],"version-history":[{"count":12,"href":"https:\/\/mozavibe.co.mz\/pt_PT\/wp-json\/wp\/v2\/pages\/9\/revisions"}],"predecessor-version":[{"id":385,"href":"https:\/\/mozavibe.co.mz\/pt_PT\/wp-json\/wp\/v2\/pages\/9\/revisions\/385"}],"wp:featuredmedia":[{"embeddable":true,"href":"https:\/\/mozavibe.co.mz\/pt_PT\/wp-json\/wp\/v2\/media\/12"}],"wp:attachment":[{"href":"https:\/\/mozavibe.co.mz\/pt_PT\/wp-json\/wp\/v2\/media?parent=9"}],"curies":[{"name":"wp","href":"https:\/\/api.w.org\/{rel}","templated":true}]}}