{"id":3,"date":"2023-09-09T17:00:36","date_gmt":"2023-09-09T17:00:36","guid":{"rendered":"https:\/\/www.mozavibe.co.mz\/?page_id=3"},"modified":"2024-03-22T16:54:30","modified_gmt":"2024-03-22T16:54:30","slug":"privacy-policy","status":"publish","type":"page","link":"https:\/\/mozavibe.co.mz\/pt_PT\/privacy-policy\/","title":{"rendered":"Pol\u00edtica de privacidade"},"content":{"rendered":"<p><span style=\"color: #000000;\"><!-- wp:heading --><\/span><\/p>\r\n<p style=\"text-align: justify;\"><span style=\"color: #000000;\">\u00daltima atualiza\u00e7\u00e3o em 16 de setembro de 2023<\/span><br \/>\r\n<span style=\"color: #000000;\">Data de vig\u00eancia 16 de setembro de 2023<\/span><\/p>\r\n<p style=\"text-align: justify;\"><span style=\"color: #000000;\">Esta Pol\u00edtica de Privacidade descreve as pol\u00edticas da MozaVibe, e-mail: contato@mozavibe.co.mz\u00a0sobre a coleta, uso e divulga\u00e7\u00e3o de suas informa\u00e7\u00f5es que coletamos quando voc\u00ea usa nosso site (https:\/\/www.mozavibe.co.mz). (o servi\u00e7o\"). Ao acessar ou utilizar o Servi\u00e7o, voc\u00ea concorda com a coleta, uso e divulga\u00e7\u00e3o de suas informa\u00e7\u00f5es de acordo com esta Pol\u00edtica de Privacidade. Se voc\u00ea n\u00e3o consentir com o mesmo, n\u00e3o acesse ou use o Servi\u00e7o.<\/span><\/p>\r\n<p style=\"text-align: justify;\"><span style=\"color: #000000;\">Poderemos modificar esta Pol\u00edtica de Privacidade a qualquer momento sem qualquer aviso pr\u00e9vio e publicaremos a Pol\u00edtica de Privacidade revisada no Servi\u00e7o. A Pol\u00edtica revisada entrar\u00e1 em vigor 180 dias a partir da data em que a Pol\u00edtica revisada for publicada no Servi\u00e7o e seu acesso ou uso cont\u00ednuo do Servi\u00e7o ap\u00f3s esse per\u00edodo constituir\u00e1 sua aceita\u00e7\u00e3o da Pol\u00edtica de Privacidade revisada. Recomendamos, portanto, que voc\u00ea revise periodicamente esta p\u00e1gina.<\/span><\/p>\r\n<ol>\r\n\t<li style=\"text-align: justify;\">\r\n<h2><span style=\"color: #000000;\">Como usamos suas informa\u00e7\u00f5es:<\/span><\/h2>\r\n<p><span style=\"color: #000000;\">Usaremos as informa\u00e7\u00f5es que coletamos sobre voc\u00ea para os seguintes fins:<\/span><\/p>\r\n<ol style=\"list-style-type: upper-alpha;\">\r\n\t<li><span style=\"color: #000000;\">Marketing\/Promocional<\/span><\/li>\r\n\t<li><span style=\"color: #000000;\">Prote\u00e7\u00e3o do site<\/span><\/li>\r\n<\/ol>\r\n<p><span style=\"color: #000000;\">Se quisermos usar suas informa\u00e7\u00f5es para qualquer outra finalidade, pediremos seu consentimento e usaremos suas informa\u00e7\u00f5es somente quando recebermos seu consentimento e, ent\u00e3o, apenas para o(s) prop\u00f3sito(s) para o qual concedemos consentimento, a menos que sejamos obrigados a fazer o contr\u00e1rio por lei.<\/span><\/p>\r\n<\/li>\r\n\t<li style=\"text-align: justify;\">\r\n<h2><span style=\"color: #000000;\">Como compartilhamos suas informa\u00e7\u00f5es:<\/span><\/h2>\r\n<p><span style=\"color: #000000;\">N\u00e3o transferiremos suas informa\u00e7\u00f5es pessoais a terceiros sem solicitar o seu consentimento, exceto em circunst\u00e2ncias limitadas, conforme descrito abaixo:<\/span><\/p>\r\n<ol style=\"list-style-type: upper-alpha;\">\r\n\t<li><span style=\"color: #000000;\">An\u00e1lise<\/span><\/li>\r\n\t<li><span style=\"color: #000000;\">Coleta e processamento de dados<\/span><\/li>\r\n<\/ol>\r\n<p><span style=\"color: #000000;\">Exigimos que esses terceiros utilizem as informa\u00e7\u00f5es pessoais que lhes transferimos apenas para a finalidade para a qual foram transferidas e n\u00e3o as retenham por mais tempo do que o necess\u00e1rio para cumprir a referida finalidade.<\/span><\/p>\r\n<p><span style=\"color: #000000;\">Tamb\u00e9m poderemos divulgar as suas informa\u00e7\u00f5es pessoais para o seguinte: (1) para cumprir a lei, regulamento, ordem judicial ou outro processo legal aplic\u00e1vel; (2) para fazer cumprir seus acordos conosco, incluindo esta Pol\u00edtica de Privacidade; ou (3) para responder a reclama\u00e7\u00f5es de que o uso do Servi\u00e7o viola quaisquer direitos de terceiros. Se o Servi\u00e7o ou a nossa empresa for fundido ou adquirido com outra empresa, as suas informa\u00e7\u00f5es ser\u00e3o um dos ativos que ser\u00e3o transferidos para o novo propriet\u00e1rio.<\/span><\/p>\r\n<\/li>\r\n\t<li style=\"text-align: justify;\">\r\n<h2><span style=\"color: #000000;\">Seus direitos:<\/span><\/h2>\r\n<p><span style=\"color: #000000;\">Dependendo da lei aplic\u00e1vel, voc\u00ea pode ter o direito de acessar e retificar ou apagar seus dados pessoais ou receber uma c\u00f3pia de seus dados pessoais, restringir ou se opor ao processamento ativo de seus dados, solicitar-nos para compartilhar (portar) seus dados pessoais informa\u00e7\u00f5es para outra entidade, retirar qualquer consentimento que voc\u00ea nos forneceu para processar seus dados, o direito de apresentar uma reclama\u00e7\u00e3o junto a uma autoridade legal e outros direitos que possam ser relevantes sob as leis aplic\u00e1veis. Para exercer estes direitos, pode escrever-nos para contacto@mozavibe.co.mz. Responderemos \u00e0 sua solicita\u00e7\u00e3o de acordo com a lei aplic\u00e1vel.<\/span><\/p>\r\n<p><span style=\"color: #000000;\">Observe que se voc\u00ea n\u00e3o nos permitir coletar ou processar as informa\u00e7\u00f5es pessoais necess\u00e1rias ou retirar o consentimento para process\u00e1-las para os fins exigidos, voc\u00ea poder\u00e1 n\u00e3o conseguir acessar ou usar os servi\u00e7os para os quais suas informa\u00e7\u00f5es foram solicitadas.<\/span><\/p>\r\n<\/li>\r\n\t<li style=\"text-align: justify;\">\r\n<h2><span style=\"color: #000000;\">Cookies<\/span><\/h2>\r\n<p><span style=\"color: #000000;\">Os cookies s\u00e3o a forma como as suas prefer\u00eancias s\u00e3o armazenadas, por exemplo, um reconhecimento a esta pol\u00edtica. Utilizamos apenas cookies an\u00f4nimos, que n\u00e3o podem identific\u00e1-lo de forma alguma. Utilizamos os seguintes cookies necess\u00e1rios:<\/span><\/p>\r\n<p>[cky_outside_audit_table]<\/p>\r\n<p><button class=\"cky-banner-element\">Modificar as prefer\u00eancias de cookies.<\/button><\/p>\r\n<\/li>\r\n\t<li style=\"text-align: justify;\">\r\n<h2><span style=\"color: #000000;\">Seguran\u00e7a:<\/span><\/h2>\r\n<p><span style=\"color: #000000;\">A seguran\u00e7a das suas informa\u00e7\u00f5es \u00e9 importante para n\u00f3s e usaremos medidas de seguran\u00e7a razo\u00e1veis para evitar a perda, uso indevido ou altera\u00e7\u00e3o n\u00e3o autorizada das suas informa\u00e7\u00f5es sob nosso controle. No entanto, dados os riscos inerentes, n\u00e3o podemos garantir seguran\u00e7a absoluta e, consequentemente, n\u00e3o podemos assegurar ou garantir a seguran\u00e7a de qualquer informa\u00e7\u00e3o que nos transmita e f\u00e1-lo por sua pr\u00f3pria conta e risco.<\/span><\/p>\r\n<\/li>\r\n\t<li style=\"text-align: justify;\">\r\n<h2><span style=\"color: #000000;\">Links de terceiros e uso de suas informa\u00e7\u00f5es:<\/span><\/h2>\r\n<p><span style=\"color: #000000;\">Nosso Servi\u00e7o pode conter links para outros sites que n\u00e3o s\u00e3o operados por n\u00f3s. Esta Pol\u00edtica de Privacidade n\u00e3o aborda a pol\u00edtica de privacidade e outras pr\u00e1ticas de terceiros, incluindo qualquer terceiro que opere qualquer site ou servi\u00e7o que possa ser acess\u00edvel atrav\u00e9s de um link no Servi\u00e7o. Aconselhamos vivamente que reveja a pol\u00edtica de privacidade de cada site que visita. N\u00e3o temos controle e n\u00e3o assumimos responsabilidade pelo conte\u00fado, pol\u00edticas de privacidade ou pr\u00e1ticas de sites ou servi\u00e7os de terceiros.<\/span><\/p>\r\n<\/li>\r\n\t<li>\r\n<h2 style=\"text-align: justify;\"><span style=\"color: #000000;\">Respons\u00e1vel por reclama\u00e7\u00f5es\/prote\u00e7\u00e3o de dados:<\/span><\/h2>\r\n<p style=\"text-align: justify;\"><span style=\"color: #000000;\">Se tiver alguma d\u00favida ou preocupa\u00e7\u00e3o sobre o processamento das suas informa\u00e7\u00f5es que est\u00e3o dispon\u00edveis connosco, poder\u00e1 enviar um e-mail ao nosso Respons\u00e1vel de Reclama\u00e7\u00f5es na MozaVibe, Mo\u00e7ambique, e-mail: contato@mozavibe.co.mz. Abordaremos suas preocupa\u00e7\u00f5es de acordo com a lei aplic\u00e1vel.<\/span><\/p>\r\n<p><span style=\"color: #000000;\"><!-- \/wp:paragraph --><\/span><\/p>\r\n<\/li>\r\n<\/ol>","protected":false},"excerpt":{"rendered":"<p><span style=\"color: #000000;\"><!-- wp:heading --><\/span><\/p>\n<p style=\"text-align: justify;\"><span style=\"color: #000000;\">\u00daltima atualiza\u00e7\u00e3o em 16 de setembro de 2023<\/span><br \/>\n<span style=\"color: #000000;\">Data de vig\u00eancia 16 de setembro de&#8230;<\/p>\n","protected":false},"author":1,"featured_media":0,"parent":0,"menu_order":0,"comment_status":"closed","ping_status":"closed","template":"","meta":{"footnotes":""},"class_list":["post-3","page","type-page","status-publish","hentry"],"_links":{"self":[{"href":"https:\/\/mozavibe.co.mz\/pt_PT\/wp-json\/wp\/v2\/pages\/3","targetHints":{"allow":["GET"]}}],"collection":[{"href":"https:\/\/mozavibe.co.mz\/pt_PT\/wp-json\/wp\/v2\/pages"}],"about":[{"href":"https:\/\/mozavibe.co.mz\/pt_PT\/wp-json\/wp\/v2\/types\/page"}],"author":[{"embeddable":true,"href":"https:\/\/mozavibe.co.mz\/pt_PT\/wp-json\/wp\/v2\/users\/1"}],"replies":[{"embeddable":true,"href":"https:\/\/mozavibe.co.mz\/pt_PT\/wp-json\/wp\/v2\/comments?post=3"}],"version-history":[{"count":49,"href":"https:\/\/mozavibe.co.mz\/pt_PT\/wp-json\/wp\/v2\/pages\/3\/revisions"}],"predecessor-version":[{"id":1423,"href":"https:\/\/mozavibe.co.mz\/pt_PT\/wp-json\/wp\/v2\/pages\/3\/revisions\/1423"}],"wp:attachment":[{"href":"https:\/\/mozavibe.co.mz\/pt_PT\/wp-json\/wp\/v2\/media?parent=3"}],"curies":[{"name":"wp","href":"https:\/\/api.w.org\/{rel}","templated":true}]}}